{"id":2,"date":"2016-05-10T03:48:21","date_gmt":"2016-05-10T03:48:21","guid":{"rendered":"http:\/\/wptestraum.steffen-reimer.de\/?page_id=2"},"modified":"2021-10-02T15:28:41","modified_gmt":"2021-10-02T13:28:41","slug":"sample-page","status":"publish","type":"page","link":"https:\/\/lostindreams.de\/","title":{"rendered":"Startseite"},"content":{"rendered":"\n<h2 class=\"wp-block-heading\">Hallo,<\/h2>\n\n\n\n<p>du befindest dich hier auf meiner privaten Seite. Viel wird sich aber aktuell nicht mangels Ideen \u00e4ndern. <\/p>\n\n\n\n<p>Viele Gr\u00fc\u00dfe<\/p>\n\n\n\n<p>Steffen<\/p>\n","protected":false},"excerpt":{"rendered":"<p>Hallo, du befindest dich hier auf meiner privaten Seite. Viel wird sich aber aktuell nicht mangels Ideen \u00e4ndern. Viele Gr\u00fc\u00dfe Steffen<\/p>\n","protected":false},"author":1,"featured_media":0,"parent":0,"menu_order":0,"comment_status":"closed","ping_status":"open","template":"","meta":{"footnotes":""},"class_list":["post-2","page","type-page","status-publish","hentry"],"_links":{"self":[{"href":"https:\/\/lostindreams.de\/index.php?rest_route=\/wp\/v2\/pages\/2","targetHints":{"allow":["GET"]}}],"collection":[{"href":"https:\/\/lostindreams.de\/index.php?rest_route=\/wp\/v2\/pages"}],"about":[{"href":"https:\/\/lostindreams.de\/index.php?rest_route=\/wp\/v2\/types\/page"}],"author":[{"embeddable":true,"href":"https:\/\/lostindreams.de\/index.php?rest_route=\/wp\/v2\/users\/1"}],"replies":[{"embeddable":true,"href":"https:\/\/lostindreams.de\/index.php?rest_route=%2Fwp%2Fv2%2Fcomments&post=2"}],"version-history":[{"count":3,"href":"https:\/\/lostindreams.de\/index.php?rest_route=\/wp\/v2\/pages\/2\/revisions"}],"predecessor-version":[{"id":55,"href":"https:\/\/lostindreams.de\/index.php?rest_route=\/wp\/v2\/pages\/2\/revisions\/55"}],"wp:attachment":[{"href":"https:\/\/lostindreams.de\/index.php?rest_route=%2Fwp%2Fv2%2Fmedia&parent=2"}],"curies":[{"name":"wp","href":"https:\/\/api.w.org\/{rel}","templated":true}]}}