{"id":18,"date":"2019-01-13T17:10:33","date_gmt":"2019-01-13T17:10:33","guid":{"rendered":"http:\/\/wptestraum.steffen-reimer.de\/?page_id=18"},"modified":"2021-10-02T15:42:42","modified_gmt":"2021-10-02T13:42:42","slug":"fotografie","status":"publish","type":"page","link":"https:\/\/lostindreams.de\/?page_id=18","title":{"rendered":"Fotografie"},"content":{"rendered":"\n<div class=\"wp-block-query is-layout-flow wp-block-query-is-layout-flow\"><ul class=\"wp-block-post-template is-layout-flow wp-block-post-template-is-layout-flow\"><li class=\"wp-block-post post-69 post type-post status-publish format-standard has-post-thumbnail hentry category-fotografie\">\n\n<div class=\"wp-block-columns alignwide is-layout-flex wp-container-core-columns-is-layout-9d6595d7 wp-block-columns-is-layout-flex\">\n<div class=\"wp-block-column is-layout-flow wp-block-column-is-layout-flow\" style=\"flex-basis:66.66%\"><figure class=\"wp-block-post-featured-image\"><a href=\"https:\/\/lostindreams.de\/?p=69\" target=\"_self\"  ><img loading=\"lazy\" decoding=\"async\" width=\"480\" height=\"270\" src=\"https:\/\/lostindreams.de\/wp-content\/uploads\/2021\/10\/DSC00793-480x270.jpg\" class=\"attachment-post-thumbnail size-post-thumbnail wp-post-image\" alt=\"Fotoexperimente in L\u00fcneburg\" style=\"object-fit:cover;\" srcset=\"https:\/\/lostindreams.de\/wp-content\/uploads\/2021\/10\/DSC00793-480x270.jpg 480w, https:\/\/lostindreams.de\/wp-content\/uploads\/2021\/10\/DSC00793-300x169.jpg 300w, https:\/\/lostindreams.de\/wp-content\/uploads\/2021\/10\/DSC00793-1024x576.jpg 1024w, https:\/\/lostindreams.de\/wp-content\/uploads\/2021\/10\/DSC00793-768x432.jpg 768w, https:\/\/lostindreams.de\/wp-content\/uploads\/2021\/10\/DSC00793-1536x864.jpg 1536w, https:\/\/lostindreams.de\/wp-content\/uploads\/2021\/10\/DSC00793.jpg 1920w\" sizes=\"auto, (max-width: 480px) 100vw, 480px\" \/><\/a><\/figure><\/div>\n\n\n\n<div class=\"wp-block-column is-layout-flow wp-block-column-is-layout-flow\" style=\"flex-basis:33.33%\"><h2 class=\"wp-block-post-title\"><a href=\"https:\/\/lostindreams.de\/?p=69\" target=\"_self\" >Fotoexperimente in L\u00fcneburg<\/a><\/h2>\n\n<div class=\"wp-block-post-excerpt\"><p class=\"wp-block-post-excerpt__excerpt\">Eine Sache, die ich schon immer mal ausprobieren wollte, sind Langzeitbelichtungen. Von meinem alten Objektiv hatte ich noch ein paar ND Filter mit 82mm Durchmesser. Die sind aber f\u00fcr mein aktuelles Objektiv zu gro\u00df. Also hie\u00df es endlich mal Adapterringe kaufen und dann los in die Stadt. Das kam dabei raus. <\/p><\/div><\/div>\n<\/div>\n\n<\/li><\/ul><\/div>\n\n\n\n<p><\/p>\n","protected":false},"excerpt":{"rendered":"","protected":false},"author":1,"featured_media":0,"parent":0,"menu_order":0,"comment_status":"closed","ping_status":"closed","template":"","meta":{"footnotes":""},"class_list":["post-18","page","type-page","status-publish","hentry"],"_links":{"self":[{"href":"https:\/\/lostindreams.de\/index.php?rest_route=\/wp\/v2\/pages\/18","targetHints":{"allow":["GET"]}}],"collection":[{"href":"https:\/\/lostindreams.de\/index.php?rest_route=\/wp\/v2\/pages"}],"about":[{"href":"https:\/\/lostindreams.de\/index.php?rest_route=\/wp\/v2\/types\/page"}],"author":[{"embeddable":true,"href":"https:\/\/lostindreams.de\/index.php?rest_route=\/wp\/v2\/users\/1"}],"replies":[{"embeddable":true,"href":"https:\/\/lostindreams.de\/index.php?rest_route=%2Fwp%2Fv2%2Fcomments&post=18"}],"version-history":[{"count":3,"href":"https:\/\/lostindreams.de\/index.php?rest_route=\/wp\/v2\/pages\/18\/revisions"}],"predecessor-version":[{"id":68,"href":"https:\/\/lostindreams.de\/index.php?rest_route=\/wp\/v2\/pages\/18\/revisions\/68"}],"wp:attachment":[{"href":"https:\/\/lostindreams.de\/index.php?rest_route=%2Fwp%2Fv2%2Fmedia&parent=18"}],"curies":[{"name":"wp","href":"https:\/\/api.w.org\/{rel}","templated":true}]}}